{"id":10179,"date":"2025-11-20T00:38:05","date_gmt":"2025-11-20T00:38:05","guid":{"rendered":"https:\/\/premiumtravelegypt.com\/?page_id=10179"},"modified":"2025-11-20T00:44:45","modified_gmt":"2025-11-20T00:44:45","slug":"create-your-trip","status":"publish","type":"page","link":"https:\/\/premiumtravelegypt.com\/ro\/creeaza-ti-calatoria\/","title":{"rendered":"Creeaz\u0103-\u021bi c\u0103l\u0103toria"},"content":{"rendered":"<div data-elementor-type=\"wp-page\" data-elementor-id=\"10179\" class=\"elementor elementor-10179\" data-elementor-post-type=\"page\">\n\t\t\t\t<div class=\"elementor-element elementor-element-2d6dcbb1 e-flex e-con-boxed e-con e-parent\" data-id=\"2d6dcbb1\" data-element_type=\"container\">\n\t\t\t\t\t<div class=\"e-con-inner\">\n\t\t\t\t<div class=\"elementor-element elementor-element-79b3b0cb elementor-widget elementor-widget-text-editor\" data-id=\"79b3b0cb\" data-element_type=\"widget\" data-widget_type=\"text-editor.default\">\n\t\t\t\t\t\t\t\t\t<div class=\"elementor-element elementor-element-bd421b9 --secondaryFontFamily elementor-widget elementor-widget-heading\" data-id=\"bd421b9\" data-element_type=\"widget\" data-widget_type=\"heading.default\"><div class=\"elementor-widget-container\"><h2 data-start=\"43\" data-end=\"136\"><strong data-start=\"43\" data-end=\"136\">\u00cemp\u0103rt\u0103\u0219e\u0219te-ne preferin\u021bele tale, de restul ne ocup\u0103m noi!<br data-start=\"94\" data-end=\"97\" \/>Creeaz\u0103-\u021bi c\u0103l\u0103toria personalizat\u0103 \u00een Egipt<\/strong><\/h2><p data-start=\"138\" data-end=\"271\" data-is-last-node=\"\" data-is-only-node=\"\">Introduce\u021bi datele, destina\u021biile \u0219i preferin\u021bele \u0219i permite\u021bi-ne s\u0103 v\u0103 proiect\u0103m o c\u0103l\u0103torie \u00een Egipt perfect adaptat\u0103 dorin\u021belor \u0219i bugetului dumneavoastr\u0103.<\/p><\/div><\/div>\t\t\t\t\t\t\t\t<\/div>\n\t\t\t\t<div class=\"elementor-element elementor-element-3d92f7ce elementor-button-align-stretch elementor-widget elementor-widget-form\" data-id=\"3d92f7ce\" data-element_type=\"widget\" data-settings=\"{&quot;step_next_label&quot;:&quot;Next&quot;,&quot;step_previous_label&quot;:&quot;Previous&quot;,&quot;button_width&quot;:&quot;100&quot;,&quot;step_type&quot;:&quot;number_text&quot;,&quot;step_icon_shape&quot;:&quot;circle&quot;}\" data-widget_type=\"form.default\">\n\t\t\t\t\t\t\t<form class=\"elementor-form\" method=\"post\" name=\"New Form\" aria-label=\"Formular nou\" action=\"\">\n\t\t\t<input type=\"hidden\" name=\"post_id\" value=\"10179\"\/>\n\t\t\t<input type=\"hidden\" name=\"form_id\" value=\"3d92f7ce\"\/>\n\t\t\t<input type=\"hidden\" name=\"referer_title\" value=\"Create Your Trip\" \/>\n\n\t\t\t\t\t\t\t<input type=\"hidden\" name=\"queried_id\" value=\"10179\"\/>\n\t\t\t\n\t\t\t<div class=\"elementor-form-fields-wrapper elementor-labels-above\">\n\t\t\t\t\t\t\t\t<div class=\"elementor-field-type-text elementor-field-group elementor-column elementor-field-group-name elementor-col-100\">\n\t\t\t\t\t\t\t\t\t\t\t\t<label for=\"form-field-name\" class=\"elementor-field-label\">\n\t\t\t\t\t\t\t\tNumele dumneavoastr\u0103\t\t\t\t\t\t\t<\/label>\n\t\t\t\t\t\t\t\t\t\t\t\t\t\t<input size=\"1\" type=\"text\" name=\"form_fields[name]\" id=\"form-field-name\" class=\"elementor-field elementor-size-sm  elementor-field-textual\" placeholder=\"Completa\u021bi numele dvs.\">\n\t\t\t\t\t\t\t\t\t\t\t<\/div>\n\t\t\t\t\t\t\t\t<div class=\"elementor-field-type-email elementor-field-group elementor-column elementor-field-group-field_0f8c004 elementor-col-50\">\n\t\t\t\t\t\t\t\t\t\t\t\t<label for=\"form-field-field_0f8c004\" class=\"elementor-field-label\">\n\t\t\t\t\t\t\t\tadresa ta de e-mail\t\t\t\t\t\t\t<\/label>\n\t\t\t\t\t\t\t\t\t\t\t\t\t\t<input size=\"1\" type=\"email\" name=\"form_fields[field_0f8c004]\" id=\"form-field-field_0f8c004\" class=\"elementor-field elementor-size-sm  elementor-field-textual\" placeholder=\"introduce\u021bi adresa dvs. de e-mail\">\n\t\t\t\t\t\t\t\t\t\t\t<\/div>\n\t\t\t\t\t\t\t\t<div class=\"elementor-field-type-number elementor-field-group elementor-column elementor-field-group-field_491983b elementor-col-50\">\n\t\t\t\t\t\t\t\t\t\t\t\t<label for=\"form-field-field_491983b\" class=\"elementor-field-label\">\n\t\t\t\t\t\t\t\tNum\u0103r de WhatsApp\t\t\t\t\t\t\t<\/label>\n\t\t\t\t\t\t\t\t\t<input type=\"number\" name=\"form_fields[field_491983b]\" id=\"form-field-field_491983b\" class=\"elementor-field elementor-size-sm  elementor-field-textual\" placeholder=\"Introdu num\u0103rul t\u0103u de WhatsApp\" min=\"\" max=\"\" >\n\t\t\t\t\t\t<\/div>\n\t\t\t\t\t\t\t\t<div class=\"elementor-field-type-date elementor-field-group elementor-column elementor-field-group-field_802db58 elementor-col-50\">\n\t\t\t\t\t\t\t\t\t\t\t\t<label for=\"form-field-field_802db58\" class=\"elementor-field-label\">\n\t\t\t\t\t\t\t\tDate de \u00eencepere\t\t\t\t\t\t\t<\/label>\n\t\t\t\t\t\t\n\t\t<input type=\"date\" name=\"form_fields[field_802db58]\" id=\"form-field-field_802db58\" class=\"elementor-field elementor-size-sm  elementor-field-textual elementor-date-field\" pattern=\"[0-9]{4}-[0-9]{2}-[0-9]{2}\">\n\t\t\t\t\t\t<\/div>\n\t\t\t\t\t\t\t\t<div class=\"elementor-field-type-date elementor-field-group elementor-column elementor-field-group-field_f4dd22d elementor-col-50\">\n\t\t\t\t\t\t\t\t\t\t\t\t<label for=\"form-field-field_f4dd22d\" class=\"elementor-field-label\">\n\t\t\t\t\t\t\t\tData de \u00eencheiere\t\t\t\t\t\t\t<\/label>\n\t\t\t\t\t\t\n\t\t<input type=\"date\" name=\"form_fields[field_f4dd22d]\" id=\"form-field-field_f4dd22d\" class=\"elementor-field elementor-size-sm  elementor-field-textual elementor-date-field\" pattern=\"[0-9]{4}-[0-9]{2}-[0-9]{2}\">\n\t\t\t\t\t\t<\/div>\n\t\t\t\t\t\t\t\t<div class=\"elementor-field-type-number elementor-field-group elementor-column elementor-field-group-field_62e0b1d elementor-col-50 elementor-field-required\">\n\t\t\t\t\t\t\t\t\t\t\t\t<label for=\"form-field-field_62e0b1d\" class=\"elementor-field-label\">\n\t\t\t\t\t\t\t\tNum\u0103rul de adul\u021bi\t\t\t\t\t\t\t<\/label>\n\t\t\t\t\t\t\t\t\t<input type=\"number\" name=\"form_fields[field_62e0b1d]\" id=\"form-field-field_62e0b1d\" class=\"elementor-field elementor-size-sm  elementor-field-textual\" placeholder=\"Introduce\u021bi num\u0103rul de adul\u021bi\" required=\"required\" min=\"\" max=\"\" >\n\t\t\t\t\t\t<\/div>\n\t\t\t\t\t\t\t\t<div class=\"elementor-field-type-number elementor-field-group elementor-column elementor-field-group-field_1b33439 elementor-col-50 elementor-field-required\">\n\t\t\t\t\t\t\t\t\t\t\t\t<label for=\"form-field-field_1b33439\" class=\"elementor-field-label\">\n\t\t\t\t\t\t\t\tNum\u0103rul de copii\t\t\t\t\t\t\t<\/label>\n\t\t\t\t\t\t\t\t\t<input type=\"number\" name=\"form_fields[field_1b33439]\" id=\"form-field-field_1b33439\" class=\"elementor-field elementor-size-sm  elementor-field-textual\" placeholder=\"Introduce\u021bi num\u0103rul de copii\" required=\"required\" min=\"\" max=\"\" >\n\t\t\t\t\t\t<\/div>\n\t\t\t\t\t\t\t\t<div class=\"elementor-field-type-number elementor-field-group elementor-column elementor-field-group-field_3c56ffb elementor-col-50 elementor-field-required\">\n\t\t\t\t\t\t\t\t\t\t\t\t<label for=\"form-field-field_3c56ffb\" class=\"elementor-field-label\">\n\t\t\t\t\t\t\t\tBuget minim\t\t\t\t\t\t\t<\/label>\n\t\t\t\t\t\t\t\t\t<input type=\"number\" name=\"form_fields[field_3c56ffb]\" id=\"form-field-field_3c56ffb\" class=\"elementor-field elementor-size-sm  elementor-field-textual\" required=\"required\" min=\"\" max=\"\" >\n\t\t\t\t\t\t<\/div>\n\t\t\t\t\t\t\t\t<div class=\"elementor-field-type-number elementor-field-group elementor-column elementor-field-group-field_f4437b5 elementor-col-50 elementor-field-required\">\n\t\t\t\t\t\t\t\t\t\t\t\t<label for=\"form-field-field_f4437b5\" class=\"elementor-field-label\">\n\t\t\t\t\t\t\t\tBuget maxim\t\t\t\t\t\t\t<\/label>\n\t\t\t\t\t\t\t\t\t<input type=\"number\" name=\"form_fields[field_f4437b5]\" id=\"form-field-field_f4437b5\" class=\"elementor-field elementor-size-sm  elementor-field-textual\" required=\"required\" min=\"\" max=\"\" >\n\t\t\t\t\t\t<\/div>\n\t\t\t\t\t\t\t\t<div class=\"elementor-field-type-text elementor-field-group elementor-column elementor-field-group-field_19f0bfe elementor-col-100 elementor-field-required\">\n\t\t\t\t\t\t\t\t\t\t\t\t<label for=\"form-field-field_19f0bfe\" class=\"elementor-field-label\">\n\t\t\t\t\t\t\t\tVILLES\t\t\t\t\t\t\t<\/label>\n\t\t\t\t\t\t\t\t\t\t\t\t\t\t<input size=\"1\" type=\"text\" name=\"form_fields[field_19f0bfe]\" id=\"form-field-field_19f0bfe\" class=\"elementor-field elementor-size-sm  elementor-field-textual\" required=\"required\">\n\t\t\t\t\t\t\t\t\t\t\t<\/div>\n\t\t\t\t\t\t\t\t<div class=\"elementor-field-type-textarea elementor-field-group elementor-column elementor-field-group-field_705248e elementor-col-100 elementor-field-required\">\n\t\t\t\t\t\t\t\t\t\t\t\t<label for=\"form-field-field_705248e\" class=\"elementor-field-label\">\n\t\t\t\t\t\t\t\tCereri specifice\t\t\t\t\t\t\t<\/label>\n\t\t\t\t\t\t<textarea class=\"elementor-field-textual elementor-field  elementor-size-sm\" name=\"form_fields[field_705248e]\" id=\"form-field-field_705248e\" rows=\"4\" required=\"required\"><\/textarea>\t\t\t\t<\/div>\n\t\t\t\t\t\t\t\t<div class=\"elementor-field-group elementor-column elementor-field-type-submit elementor-col-100 e-form__buttons\">\n\t\t\t\t\t<button class=\"elementor-button elementor-size-sm\" type=\"submit\">\n\t\t\t\t\t\t<span class=\"elementor-button-content-wrapper\">\n\t\t\t\t\t\t\t\t\t\t\t\t\t\t\t\t\t\t\t\t\t\t<span class=\"elementor-button-text\">  Cer o ofert\u0103!<\/span>\n\t\t\t\t\t\t\t\t\t\t\t\t\t<\/span>\n\t\t\t\t\t<\/button>\n\t\t\t\t<\/div>\n\t\t\t<\/div>\n\t\t<input type=\"hidden\" name=\"trp-form-language\" value=\"ro\"\/><\/form>\n\t\t\t\t\t\t<\/div>\n\t\t\t\t\t<\/div>\n\t\t\t\t<\/div>\n\t\t\t\t<\/div>","protected":false},"excerpt":{"rendered":"<p>Share your preferences, we take care of the rest!Create your tailor-made trip to Egypt Enter your dates, destinations, and preferences, and let us design a trip to Egypt perfectly tailored to your wishes and your budget.<\/p>","protected":false},"author":1,"featured_media":0,"parent":0,"menu_order":0,"comment_status":"closed","ping_status":"closed","template":"elementor_header_footer","meta":{"_monsterinsights_skip_tracking":false,"_monsterinsights_sitenote_active":false,"_monsterinsights_sitenote_note":"","_monsterinsights_sitenote_category":0,"footnotes":""},"class_list":["post-10179","page","type-page","status-publish","hentry","travel-monster-post","no-post-thumbnail","latest_post"],"aioseo_notices":[],"_hostinger_reach_plugin_has_subscription_block":false,"_hostinger_reach_plugin_is_elementor":false,"_links":{"self":[{"href":"https:\/\/premiumtravelegypt.com\/ro\/wp-json\/wp\/v2\/pages\/10179","targetHints":{"allow":["GET"]}}],"collection":[{"href":"https:\/\/premiumtravelegypt.com\/ro\/wp-json\/wp\/v2\/pages"}],"about":[{"href":"https:\/\/premiumtravelegypt.com\/ro\/wp-json\/wp\/v2\/types\/page"}],"author":[{"embeddable":true,"href":"https:\/\/premiumtravelegypt.com\/ro\/wp-json\/wp\/v2\/users\/1"}],"replies":[{"embeddable":true,"href":"https:\/\/premiumtravelegypt.com\/ro\/wp-json\/wp\/v2\/comments?post=10179"}],"version-history":[{"count":4,"href":"https:\/\/premiumtravelegypt.com\/ro\/wp-json\/wp\/v2\/pages\/10179\/revisions"}],"predecessor-version":[{"id":10206,"href":"https:\/\/premiumtravelegypt.com\/ro\/wp-json\/wp\/v2\/pages\/10179\/revisions\/10206"}],"wp:attachment":[{"href":"https:\/\/premiumtravelegypt.com\/ro\/wp-json\/wp\/v2\/media?parent=10179"}],"curies":[{"name":"wp","href":"https:\/\/api.w.org\/{rel}","templated":true}]}}